{"id":317,"date":"2022-09-12T09:38:01","date_gmt":"2022-09-12T09:38:01","guid":{"rendered":"https:\/\/theroadtoglenlough.com\/?page_id=317"},"modified":"2023-03-17T11:35:11","modified_gmt":"2023-03-17T11:35:11","slug":"dylan-thomas","status":"publish","type":"page","link":"https:\/\/theroadtoglenlough.com\/irish\/famous-visitors\/dylan-thomas\/","title":{"rendered":"Dylan Thomas"},"content":{"rendered":"<div data-elementor-type=\"wp-page\" data-elementor-id=\"317\" class=\"elementor elementor-317\" data-elementor-post-type=\"page\">\n\t\t\t\t\t\t<section class=\"elementor-section elementor-top-section elementor-element elementor-element-2f05505 elementor-section-height-min-height elementor-section-boxed elementor-section-height-default elementor-section-items-middle\" data-id=\"2f05505\" data-element_type=\"section\" data-settings=\"{&quot;background_background&quot;:&quot;classic&quot;}\">\n\t\t\t\t\t\t\t<div class=\"elementor-background-overlay\"><\/div>\n\t\t\t\t\t\t\t<div class=\"elementor-container elementor-column-gap-default\">\n\t\t\t\t\t<div class=\"elementor-column elementor-col-100 elementor-top-column elementor-element elementor-element-95184ea\" data-id=\"95184ea\" data-element_type=\"column\">\n\t\t\t<div class=\"elementor-widget-wrap elementor-element-populated\">\n\t\t\t\t\t\t<div class=\"elementor-element elementor-element-f40de29 elementor-widget elementor-widget-heading\" data-id=\"f40de29\" data-element_type=\"widget\" data-widget_type=\"heading.default\">\n\t\t\t\t<div class=\"elementor-widget-container\">\n\t\t\t\t\t<h1 class=\"elementor-heading-title elementor-size-default\">Dylan Thomas<\/h1>\t\t\t\t<\/div>\n\t\t\t\t<\/div>\n\t\t\t\t\t<\/div>\n\t\t<\/div>\n\t\t\t\t\t<\/div>\n\t\t<\/section>\n\t\t\t\t<section class=\"elementor-section elementor-top-section elementor-element elementor-element-1ce8286 elementor-reverse-tablet elementor-reverse-mobile elementor-section-boxed elementor-section-height-default elementor-section-height-default\" data-id=\"1ce8286\" data-element_type=\"section\">\n\t\t\t\t\t\t<div class=\"elementor-container elementor-column-gap-default\">\n\t\t\t\t\t<div class=\"elementor-column elementor-col-50 elementor-top-column elementor-element elementor-element-466205f\" data-id=\"466205f\" data-element_type=\"column\">\n\t\t\t<div class=\"elementor-widget-wrap elementor-element-populated\">\n\t\t\t\t\t\t<div class=\"elementor-element elementor-element-8de07fc elementor-widget elementor-widget-heading\" data-id=\"8de07fc\" data-element_type=\"widget\" data-widget_type=\"heading.default\">\n\t\t\t\t<div class=\"elementor-widget-container\">\n\t\t\t\t\t<h2 class=\"elementor-heading-title elementor-size-default\">An file \u00f3 na soilse geala saor in aisce, <\/h2>\t\t\t\t<\/div>\n\t\t\t\t<\/div>\n\t\t\t\t<div class=\"elementor-element elementor-element-639a438 elementor-widget-divider--view-line_icon elementor-widget-divider--element-align-left elementor-view-default elementor-widget elementor-widget-divider\" data-id=\"639a438\" data-element_type=\"widget\" data-widget_type=\"divider.default\">\n\t\t\t\t<div class=\"elementor-widget-container\">\n\t\t\t\t\t\t\t<div class=\"elementor-divider\">\n\t\t\t<span class=\"elementor-divider-separator\">\n\t\t\t\t\t\t\t<div class=\"elementor-icon elementor-divider__element\">\n\t\t\t\t\t<i aria-hidden=\"true\" class=\"fas fa-square-full\"><\/i><\/div>\n\t\t\t\t\t\t<\/span>\n\t\t<\/div>\n\t\t\t\t\t\t<\/div>\n\t\t\t\t<\/div>\n\t\t\t\t<div class=\"elementor-element elementor-element-6f32fb0 elementor-widget elementor-widget-text-editor\" data-id=\"6f32fb0\" data-element_type=\"widget\" data-widget_type=\"text-editor.default\">\n\t\t\t\t<div class=\"elementor-widget-container\">\n\t\t\t\t\t\t\t\t\t<p>Lean file \u00f3g, de chuid na Breataine Bige, a bh\u00ed fiche bliain d\u2019aois, lorg Kent nuair a th\u00e1inig s\u00e9 go Gleann Lach i samhradh 1935. Bh\u00ed an t-eagarth\u00f3ir liteartha Geoffrey Grigson ina chuideachta agus \u00e9 ag iarraidh an file a choinne\u00e1il ar shi\u00fal \u00f3 ghealchathair boih\u00e9amach Londain. Is beag a thuig s\u00e9 go raibh an file \u00f3g \u00e1 thabhairt isteach aige go ceanncheathr\u00fa d\u00e9ant\u00fasa\u00edochta poit\u00edn Dh\u00fan na nGall. Nuair a d\u2019imigh Grigson coic\u00eds ina dhiaidh sin, bheartaigh Dylan fanacht i nGleann Lach, ag obair leis a dara cnuasacht fil\u00edochta dar teideal <em>Twenty-five poems a chr\u00edochn\u00fa.<\/em>Bh\u00ed an d\u00e1n iomr\u00e1iteach <em>And death shall have no dominion mar chuid den chnuasach sin<\/em>Cr\u00edochna\u00edonn ceann de na d\u00e1nta a raibh s\u00e9 ag obair air le linn d\u00f3 a bheith sa ghleann leis na l\u00ednte:<\/p><blockquote><p><em>&#8220;That was the god of beginning in the intricate seawhirl, <\/em><em style=\"color: var( --e-global-color-primary ); background-color: var( --e-global-color-secondary ); font-family: var( --e-global-typography-text-font-family ), Sans-serif; font-size: var( --e-global-typography-text-font-size ); font-weight: var( --e-global-typography-text-font-weight );\">And my images roared and rose on heaven\u2019s hill.&#8221;<\/em><\/p><\/blockquote><p><span style=\"color: var( --e-global-color-primary ); background-color: var( --e-global-color-secondary ); font-family: var( --e-global-typography-text-font-family ), Sans-serif; font-size: var( --e-global-typography-text-font-size ); font-weight: var( --e-global-typography-text-font-weight );\">Bh\u00ed an leabhar n\u00f3ta\u00ed ina raibh s\u00e9 ag obair air le linn d\u00f3 a bheith i nGleann Lach \u2018ar iarraidh\u2019 ar feadh blianta ach fuarthas ar\u00eds \u00e9 in 2014 agus d\u00edoladh ar ceant \u00e9 ar n\u00edos m\u00f3 na \u00a3100,000.  T\u00e1 s\u00e9 \u00e1 choinne\u00e1il anois i mBaili\u00fach\u00e1n Ollscoile Swansea.<\/span><\/p>\t\t\t\t\t\t\t\t<\/div>\n\t\t\t\t<\/div>\n\t\t\t\t<div class=\"elementor-element elementor-element-7e13c88 elementor-tablet-align-center elementor-widget elementor-widget-button\" data-id=\"7e13c88\" data-element_type=\"widget\" data-widget_type=\"button.default\">\n\t\t\t\t<div class=\"elementor-widget-container\">\n\t\t\t\t\t\t\t\t\t<div class=\"elementor-button-wrapper\">\n\t\t\t\t\t<a class=\"elementor-button elementor-button-link elementor-size-sm\" href=\"https:\/\/theroadtoglenlough.com\/irish\/contact\/\">\n\t\t\t\t\t\t<span class=\"elementor-button-content-wrapper\">\n\t\t\t\t\t\t<span class=\"elementor-button-icon\">\n\t\t\t\t<i aria-hidden=\"true\" class=\"icon icon-right-arrow2\"><\/i>\t\t\t<\/span>\n\t\t\t\t\t\t\t\t\t<span class=\"elementor-button-text\">Teagmh\u00e1il<\/span>\n\t\t\t\t\t<\/span>\n\t\t\t\t\t<\/a>\n\t\t\t\t<\/div>\n\t\t\t\t\t\t\t\t<\/div>\n\t\t\t\t<\/div>\n\t\t\t\t\t<\/div>\n\t\t<\/div>\n\t\t\t\t<div class=\"elementor-column elementor-col-50 elementor-top-column elementor-element elementor-element-05de28e\" data-id=\"05de28e\" data-element_type=\"column\">\n\t\t\t<div class=\"elementor-widget-wrap elementor-element-populated\">\n\t\t\t\t\t\t<section class=\"elementor-section elementor-inner-section elementor-element elementor-element-da117ad elementor-section-boxed elementor-section-height-default elementor-section-height-default\" data-id=\"da117ad\" data-element_type=\"section\">\n\t\t\t\t\t\t<div class=\"elementor-container elementor-column-gap-default\">\n\t\t\t\t\t<div class=\"elementor-column elementor-col-100 elementor-inner-column elementor-element elementor-element-02663da\" data-id=\"02663da\" data-element_type=\"column\">\n\t\t\t<div class=\"elementor-widget-wrap\">\n\t\t\t\t\t\t\t<\/div>\n\t\t<\/div>\n\t\t\t\t\t<\/div>\n\t\t<\/section>\n\t\t\t\t<div class=\"elementor-element elementor-element-89f5c58 elementor-widget elementor-widget-image\" data-id=\"89f5c58\" data-element_type=\"widget\" data-widget_type=\"image.default\">\n\t\t\t\t<div class=\"elementor-widget-container\">\n\t\t\t\t\t\t\t\t\t\t\t\t\t\t\t<img fetchpriority=\"high\" decoding=\"async\" width=\"1917\" height=\"2560\" src=\"https:\/\/theroadtoglenlough.com\/wp-content\/uploads\/2023\/03\/2.-Dylan-Thomas-scaled.jpeg\" class=\"attachment-full size-full wp-image-694\" alt=\"\" srcset=\"https:\/\/theroadtoglenlough.com\/wp-content\/uploads\/2023\/03\/2.-Dylan-Thomas-scaled.jpeg 1917w, https:\/\/theroadtoglenlough.com\/wp-content\/uploads\/2023\/03\/2.-Dylan-Thomas-225x300.jpeg 225w, https:\/\/theroadtoglenlough.com\/wp-content\/uploads\/2023\/03\/2.-Dylan-Thomas-767x1024.jpeg 767w, https:\/\/theroadtoglenlough.com\/wp-content\/uploads\/2023\/03\/2.-Dylan-Thomas-768x1026.jpeg 768w, https:\/\/theroadtoglenlough.com\/wp-content\/uploads\/2023\/03\/2.-Dylan-Thomas-1150x1536.jpeg 1150w, https:\/\/theroadtoglenlough.com\/wp-content\/uploads\/2023\/03\/2.-Dylan-Thomas-1533x2048.jpeg 1533w, https:\/\/theroadtoglenlough.com\/wp-content\/uploads\/2023\/03\/2.-Dylan-Thomas-9x12.jpeg 9w\" sizes=\"(max-width: 1917px) 100vw, 1917px\" \/>\t\t\t\t\t\t\t\t\t\t\t\t\t\t\t<\/div>\n\t\t\t\t<\/div>\n\t\t\t\t\t<\/div>\n\t\t<\/div>\n\t\t\t\t\t<\/div>\n\t\t<\/section>\n\t\t\t\t<\/div>","protected":false},"excerpt":{"rendered":"<p>Dylan Thomas The poet from the bright lights The young 20-year-old Welsh poet followed in Kent\u2019s footsteps when he arrived into Glenlough in the summer of 1935. He was being chaperoned by literary editor Geoffrey Grigson who was attempting to distance the poet from the bright lights of bohemian London. Little did he realise that [&hellip;]<\/p>","protected":false},"author":1,"featured_media":0,"parent":109,"menu_order":0,"comment_status":"closed","ping_status":"closed","template":"elementor_header_footer","meta":{"ocean_post_layout":"","ocean_both_sidebars_style":"","ocean_both_sidebars_content_width":0,"ocean_both_sidebars_sidebars_width":0,"ocean_sidebar":"","ocean_second_sidebar":"","ocean_disable_margins":"enable","ocean_add_body_class":"","ocean_shortcode_before_top_bar":"","ocean_shortcode_after_top_bar":"","ocean_shortcode_before_header":"","ocean_shortcode_after_header":"","ocean_has_shortcode":"","ocean_shortcode_after_title":"","ocean_shortcode_before_footer_widgets":"","ocean_shortcode_after_footer_widgets":"","ocean_shortcode_before_footer_bottom":"","ocean_shortcode_after_footer_bottom":"","ocean_display_top_bar":"default","ocean_display_header":"default","ocean_header_style":"","ocean_center_header_left_menu":"","ocean_custom_header_template":"","ocean_custom_logo":0,"ocean_custom_retina_logo":0,"ocean_custom_logo_max_width":0,"ocean_custom_logo_tablet_max_width":0,"ocean_custom_logo_mobile_max_width":0,"ocean_custom_logo_max_height":0,"ocean_custom_logo_tablet_max_height":0,"ocean_custom_logo_mobile_max_height":0,"ocean_header_custom_menu":"","ocean_menu_typo_font_family":"","ocean_menu_typo_font_subset":"","ocean_menu_typo_font_size":0,"ocean_menu_typo_font_size_tablet":0,"ocean_menu_typo_font_size_mobile":0,"ocean_menu_typo_font_size_unit":"px","ocean_menu_typo_font_weight":"","ocean_menu_typo_font_weight_tablet":"","ocean_menu_typo_font_weight_mobile":"","ocean_menu_typo_transform":"","ocean_menu_typo_transform_tablet":"","ocean_menu_typo_transform_mobile":"","ocean_menu_typo_line_height":0,"ocean_menu_typo_line_height_tablet":0,"ocean_menu_typo_line_height_mobile":0,"ocean_menu_typo_line_height_unit":"","ocean_menu_typo_spacing":0,"ocean_menu_typo_spacing_tablet":0,"ocean_menu_typo_spacing_mobile":0,"ocean_menu_typo_spacing_unit":"","ocean_menu_link_color":"","ocean_menu_link_color_hover":"","ocean_menu_link_color_active":"","ocean_menu_link_background":"","ocean_menu_link_hover_background":"","ocean_menu_link_active_background":"","ocean_menu_social_links_bg":"","ocean_menu_social_hover_links_bg":"","ocean_menu_social_links_color":"","ocean_menu_social_hover_links_color":"","ocean_disable_title":"default","ocean_disable_heading":"default","ocean_post_title":"","ocean_post_subheading":"","ocean_post_title_style":"","ocean_post_title_background_color":"","ocean_post_title_background":0,"ocean_post_title_bg_image_position":"","ocean_post_title_bg_image_attachment":"","ocean_post_title_bg_image_repeat":"","ocean_post_title_bg_image_size":"","ocean_post_title_height":0,"ocean_post_title_bg_overlay":0.5,"ocean_post_title_bg_overlay_color":"","ocean_disable_breadcrumbs":"default","ocean_breadcrumbs_color":"","ocean_breadcrumbs_separator_color":"","ocean_breadcrumbs_links_color":"","ocean_breadcrumbs_links_hover_color":"","ocean_display_footer_widgets":"default","ocean_display_footer_bottom":"default","ocean_custom_footer_template":"","footnotes":""},"class_list":["post-317","page","type-page","status-publish","hentry","entry"],"yoast_head":"<!-- This site is optimized with the Yoast SEO plugin v25.5 - https:\/\/yoast.com\/wordpress\/plugins\/seo\/ -->\n<title>Dylan Thomas - The Road To Glenlough<\/title>\n<meta name=\"robots\" content=\"index, follow, max-snippet:-1, max-image-preview:large, max-video-preview:-1\" \/>\n<link rel=\"canonical\" href=\"https:\/\/theroadtoglenlough.com\/irish\/famous-visitors\/dylan-thomas\/\" \/>\n<meta property=\"og:locale\" content=\"en_US\" \/>\n<meta property=\"og:type\" content=\"article\" \/>\n<meta property=\"og:title\" content=\"Dylan Thomas - The Road To Glenlough\" \/>\n<meta property=\"og:description\" content=\"Dylan Thomas The poet from the bright lights The young 20-year-old Welsh poet followed in Kent\u2019s footsteps when he arrived into Glenlough in the summer of 1935. He was being chaperoned by literary editor Geoffrey Grigson who was attempting to distance the poet from the bright lights of bohemian London. Little did he realise that [&hellip;]\" \/>\n<meta property=\"og:url\" content=\"https:\/\/theroadtoglenlough.com\/irish\/famous-visitors\/dylan-thomas\/\" \/>\n<meta property=\"og:site_name\" content=\"The Road To Glenlough\" \/>\n<meta property=\"article:modified_time\" content=\"2023-03-17T11:35:11+00:00\" \/>\n<meta property=\"og:image\" content=\"http:\/\/theroadtoglenlough.com\/wp-content\/uploads\/2023\/03\/2.-Dylan-Thomas-scaled.jpeg\" \/>\n<meta name=\"twitter:card\" content=\"summary_large_image\" \/>\n<meta name=\"twitter:label1\" content=\"Est. reading time\" \/>\n\t<meta name=\"twitter:data1\" content=\"1 minute\" \/>\n<script type=\"application\/ld+json\" class=\"yoast-schema-graph\">{\"@context\":\"https:\/\/schema.org\",\"@graph\":[{\"@type\":\"WebPage\",\"@id\":\"https:\/\/theroadtoglenlough.com\/famous-visitors\/dylan-thomas\/\",\"url\":\"https:\/\/theroadtoglenlough.com\/famous-visitors\/dylan-thomas\/\",\"name\":\"Dylan Thomas - The Road To Glenlough\",\"isPartOf\":{\"@id\":\"https:\/\/theroadtoglenlough.com\/#website\"},\"primaryImageOfPage\":{\"@id\":\"https:\/\/theroadtoglenlough.com\/famous-visitors\/dylan-thomas\/#primaryimage\"},\"image\":{\"@id\":\"https:\/\/theroadtoglenlough.com\/famous-visitors\/dylan-thomas\/#primaryimage\"},\"thumbnailUrl\":\"http:\/\/theroadtoglenlough.com\/wp-content\/uploads\/2023\/03\/2.-Dylan-Thomas-scaled.jpeg\",\"datePublished\":\"2022-09-12T09:38:01+00:00\",\"dateModified\":\"2023-03-17T11:35:11+00:00\",\"breadcrumb\":{\"@id\":\"https:\/\/theroadtoglenlough.com\/famous-visitors\/dylan-thomas\/#breadcrumb\"},\"inLanguage\":\"gd\",\"potentialAction\":[{\"@type\":\"ReadAction\",\"target\":[\"https:\/\/theroadtoglenlough.com\/famous-visitors\/dylan-thomas\/\"]}]},{\"@type\":\"ImageObject\",\"inLanguage\":\"gd\",\"@id\":\"https:\/\/theroadtoglenlough.com\/famous-visitors\/dylan-thomas\/#primaryimage\",\"url\":\"http:\/\/theroadtoglenlough.com\/wp-content\/uploads\/2023\/03\/2.-Dylan-Thomas-scaled.jpeg\",\"contentUrl\":\"http:\/\/theroadtoglenlough.com\/wp-content\/uploads\/2023\/03\/2.-Dylan-Thomas-scaled.jpeg\"},{\"@type\":\"BreadcrumbList\",\"@id\":\"https:\/\/theroadtoglenlough.com\/famous-visitors\/dylan-thomas\/#breadcrumb\",\"itemListElement\":[{\"@type\":\"ListItem\",\"position\":1,\"name\":\"Home\",\"item\":\"https:\/\/theroadtoglenlough.com\/\"},{\"@type\":\"ListItem\",\"position\":2,\"name\":\"Famous Visitors\",\"item\":\"https:\/\/theroadtoglenlough.com\/famous-visitors\/\"},{\"@type\":\"ListItem\",\"position\":3,\"name\":\"Dylan Thomas\"}]},{\"@type\":\"WebSite\",\"@id\":\"https:\/\/theroadtoglenlough.com\/#website\",\"url\":\"https:\/\/theroadtoglenlough.com\/\",\"name\":\"The Road To Glenlough\",\"description\":\"A Story As Majestic As The Valley\",\"potentialAction\":[{\"@type\":\"SearchAction\",\"target\":{\"@type\":\"EntryPoint\",\"urlTemplate\":\"https:\/\/theroadtoglenlough.com\/?s={search_term_string}\"},\"query-input\":{\"@type\":\"PropertyValueSpecification\",\"valueRequired\":true,\"valueName\":\"search_term_string\"}}],\"inLanguage\":\"gd\"}]}<\/script>\n<!-- \/ Yoast SEO plugin. -->","yoast_head_json":{"title":"Dylan Thomas - The Road To Glenlough","robots":{"index":"index","follow":"follow","max-snippet":"max-snippet:-1","max-image-preview":"max-image-preview:large","max-video-preview":"max-video-preview:-1"},"canonical":"https:\/\/theroadtoglenlough.com\/irish\/famous-visitors\/dylan-thomas\/","og_locale":"en_US","og_type":"article","og_title":"Dylan Thomas - The Road To Glenlough","og_description":"Dylan Thomas The poet from the bright lights The young 20-year-old Welsh poet followed in Kent\u2019s footsteps when he arrived into Glenlough in the summer of 1935. He was being chaperoned by literary editor Geoffrey Grigson who was attempting to distance the poet from the bright lights of bohemian London. Little did he realise that [&hellip;]","og_url":"https:\/\/theroadtoglenlough.com\/irish\/famous-visitors\/dylan-thomas\/","og_site_name":"The Road To Glenlough","article_modified_time":"2023-03-17T11:35:11+00:00","og_image":[{"url":"http:\/\/theroadtoglenlough.com\/wp-content\/uploads\/2023\/03\/2.-Dylan-Thomas-scaled.jpeg","type":"","width":"","height":""}],"twitter_card":"summary_large_image","twitter_misc":{"Est. reading time":"1 minute"},"schema":{"@context":"https:\/\/schema.org","@graph":[{"@type":"WebPage","@id":"https:\/\/theroadtoglenlough.com\/famous-visitors\/dylan-thomas\/","url":"https:\/\/theroadtoglenlough.com\/famous-visitors\/dylan-thomas\/","name":"Dylan Thomas - The Road To Glenlough","isPartOf":{"@id":"https:\/\/theroadtoglenlough.com\/#website"},"primaryImageOfPage":{"@id":"https:\/\/theroadtoglenlough.com\/famous-visitors\/dylan-thomas\/#primaryimage"},"image":{"@id":"https:\/\/theroadtoglenlough.com\/famous-visitors\/dylan-thomas\/#primaryimage"},"thumbnailUrl":"http:\/\/theroadtoglenlough.com\/wp-content\/uploads\/2023\/03\/2.-Dylan-Thomas-scaled.jpeg","datePublished":"2022-09-12T09:38:01+00:00","dateModified":"2023-03-17T11:35:11+00:00","breadcrumb":{"@id":"https:\/\/theroadtoglenlough.com\/famous-visitors\/dylan-thomas\/#breadcrumb"},"inLanguage":"gd","potentialAction":[{"@type":"ReadAction","target":["https:\/\/theroadtoglenlough.com\/famous-visitors\/dylan-thomas\/"]}]},{"@type":"ImageObject","inLanguage":"gd","@id":"https:\/\/theroadtoglenlough.com\/famous-visitors\/dylan-thomas\/#primaryimage","url":"http:\/\/theroadtoglenlough.com\/wp-content\/uploads\/2023\/03\/2.-Dylan-Thomas-scaled.jpeg","contentUrl":"http:\/\/theroadtoglenlough.com\/wp-content\/uploads\/2023\/03\/2.-Dylan-Thomas-scaled.jpeg"},{"@type":"BreadcrumbList","@id":"https:\/\/theroadtoglenlough.com\/famous-visitors\/dylan-thomas\/#breadcrumb","itemListElement":[{"@type":"ListItem","position":1,"name":"Home","item":"https:\/\/theroadtoglenlough.com\/"},{"@type":"ListItem","position":2,"name":"Famous Visitors","item":"https:\/\/theroadtoglenlough.com\/famous-visitors\/"},{"@type":"ListItem","position":3,"name":"Dylan Thomas"}]},{"@type":"WebSite","@id":"https:\/\/theroadtoglenlough.com\/#website","url":"https:\/\/theroadtoglenlough.com\/","name":"The Road To Glenlough","description":"A Story As Majestic As The Valley","potentialAction":[{"@type":"SearchAction","target":{"@type":"EntryPoint","urlTemplate":"https:\/\/theroadtoglenlough.com\/?s={search_term_string}"},"query-input":{"@type":"PropertyValueSpecification","valueRequired":true,"valueName":"search_term_string"}}],"inLanguage":"gd"}]}},"_links":{"self":[{"href":"https:\/\/theroadtoglenlough.com\/irish\/wp-json\/wp\/v2\/pages\/317","targetHints":{"allow":["GET"]}}],"collection":[{"href":"https:\/\/theroadtoglenlough.com\/irish\/wp-json\/wp\/v2\/pages"}],"about":[{"href":"https:\/\/theroadtoglenlough.com\/irish\/wp-json\/wp\/v2\/types\/page"}],"author":[{"embeddable":true,"href":"https:\/\/theroadtoglenlough.com\/irish\/wp-json\/wp\/v2\/users\/1"}],"replies":[{"embeddable":true,"href":"https:\/\/theroadtoglenlough.com\/irish\/wp-json\/wp\/v2\/comments?post=317"}],"version-history":[{"count":19,"href":"https:\/\/theroadtoglenlough.com\/irish\/wp-json\/wp\/v2\/pages\/317\/revisions"}],"predecessor-version":[{"id":701,"href":"https:\/\/theroadtoglenlough.com\/irish\/wp-json\/wp\/v2\/pages\/317\/revisions\/701"}],"up":[{"embeddable":true,"href":"https:\/\/theroadtoglenlough.com\/irish\/wp-json\/wp\/v2\/pages\/109"}],"wp:attachment":[{"href":"https:\/\/theroadtoglenlough.com\/irish\/wp-json\/wp\/v2\/media?parent=317"}],"curies":[{"name":"wp","href":"https:\/\/api.w.org\/{rel}","templated":true}]}}