{"id":306,"date":"2022-09-12T09:33:49","date_gmt":"2022-09-12T09:33:49","guid":{"rendered":"https:\/\/theroadtoglenlough.com\/?page_id=306"},"modified":"2024-03-29T06:41:44","modified_gmt":"2024-03-29T06:41:44","slug":"rockwell-kent","status":"publish","type":"page","link":"https:\/\/theroadtoglenlough.com\/irish\/famous-visitors\/rockwell-kent\/","title":{"rendered":"Rockwell Kent"},"content":{"rendered":"<div data-elementor-type=\"wp-page\" data-elementor-id=\"306\" class=\"elementor elementor-306\" data-elementor-post-type=\"page\">\n\t\t\t\t\t\t<section class=\"elementor-section elementor-top-section elementor-element elementor-element-2f05505 elementor-section-height-min-height elementor-section-boxed elementor-section-height-default elementor-section-items-middle\" data-id=\"2f05505\" data-element_type=\"section\" data-settings=\"{&quot;background_background&quot;:&quot;classic&quot;}\">\n\t\t\t\t\t\t\t<div class=\"elementor-background-overlay\"><\/div>\n\t\t\t\t\t\t\t<div class=\"elementor-container elementor-column-gap-default\">\n\t\t\t\t\t<div class=\"elementor-column elementor-col-100 elementor-top-column elementor-element elementor-element-95184ea\" data-id=\"95184ea\" data-element_type=\"column\">\n\t\t\t<div class=\"elementor-widget-wrap elementor-element-populated\">\n\t\t\t\t\t\t<div class=\"elementor-element elementor-element-f40de29 elementor-widget elementor-widget-heading\" data-id=\"f40de29\" data-element_type=\"widget\" data-widget_type=\"heading.default\">\n\t\t\t\t<div class=\"elementor-widget-container\">\n\t\t\t\t\t<h1 class=\"elementor-heading-title elementor-size-default\">Rockwell Kent<\/h1>\t\t\t\t<\/div>\n\t\t\t\t<\/div>\n\t\t\t\t\t<\/div>\n\t\t<\/div>\n\t\t\t\t\t<\/div>\n\t\t<\/section>\n\t\t\t\t<section class=\"elementor-section elementor-top-section elementor-element elementor-element-1ce8286 elementor-reverse-tablet elementor-reverse-mobile elementor-section-boxed elementor-section-height-default elementor-section-height-default\" data-id=\"1ce8286\" data-element_type=\"section\">\n\t\t\t\t\t\t<div class=\"elementor-container elementor-column-gap-default\">\n\t\t\t\t\t<div class=\"elementor-column elementor-col-50 elementor-top-column elementor-element elementor-element-466205f\" data-id=\"466205f\" data-element_type=\"column\">\n\t\t\t<div class=\"elementor-widget-wrap elementor-element-populated\">\n\t\t\t\t\t\t<div class=\"elementor-element elementor-element-8de07fc elementor-widget elementor-widget-heading\" data-id=\"8de07fc\" data-element_type=\"widget\" data-widget_type=\"heading.default\">\n\t\t\t\t<div class=\"elementor-widget-container\">\n\t\t\t\t\t<h2 class=\"elementor-heading-title elementor-size-default\">An t-eala\u00edont\u00f3ir is c\u00e1ili\u00fala agus ind\u00edolta\n<\/h2>\t\t\t\t<\/div>\n\t\t\t\t<\/div>\n\t\t\t\t<div class=\"elementor-element elementor-element-639a438 elementor-widget-divider--view-line_icon elementor-widget-divider--element-align-left elementor-view-default elementor-widget elementor-widget-divider\" data-id=\"639a438\" data-element_type=\"widget\" data-widget_type=\"divider.default\">\n\t\t\t\t<div class=\"elementor-widget-container\">\n\t\t\t\t\t\t\t<div class=\"elementor-divider\">\n\t\t\t<span class=\"elementor-divider-separator\">\n\t\t\t\t\t\t\t<div class=\"elementor-icon elementor-divider__element\">\n\t\t\t\t\t<i aria-hidden=\"true\" class=\"fas fa-square-full\"><\/i><\/div>\n\t\t\t\t\t\t<\/span>\n\t\t<\/div>\n\t\t\t\t\t\t<\/div>\n\t\t\t\t<\/div>\n\t\t\t\t<div class=\"elementor-element elementor-element-6f32fb0 elementor-widget elementor-widget-text-editor\" data-id=\"6f32fb0\" data-element_type=\"widget\" data-widget_type=\"text-editor.default\">\n\t\t\t\t<div class=\"elementor-widget-container\">\n\t\t\t\t\t\t\t\t\t<p>Bh\u00ed Rockwell Kent ar dhuine de na heala\u00edont\u00f3ir\u00ed is c\u00e1ili\u00fala agus is ind\u00edolta i Meirice\u00e1 i rith na 1920\u00ed agus na 1930\u00ed. Roghna\u00edodh a eagr\u00e1n maisithe de <em>Moby Dick<\/em> (1930) mar an leabhar Meirice\u00e1nach maisithe ab fhearr i riamh.<\/p><p>B\u2019\u00e9 an gn\u00e1s oibre a bh\u00ed aige am a chaitheamh in \u00e1iteacha iarg\u00falta ar fud an domhain, gn\u00e1th\u00e1iteacha simpl\u00ed bun\u00fasachab fhearr leis. Nuair a bheadh s\u00e9 chuirfeadh s\u00e9 \u00e9 f\u00e9in ar maos i saol agus in obair muintir na h\u00e1ite. Leis an tuiscint mh\u00e9adaithe seo, l\u00e9ireodh s\u00e9 iad agus a dtimpeallacht ar chanbh\u00e1s. Ansin thabharfadh s\u00e9 na p\u00edosa\u00ed eala\u00edona seo ar ais go Nua-Eabhrac lena nd\u00edol.<\/p><p>Is ar cheann de na turais seo go dt\u00ed Deireadh an Talaimh mar a thug s\u00e9 f\u00e9in air, a thug go Gleann Lach \u00e9 i m\u00ed na Bealtaine 1926. Bh\u00ed s\u00e9 ar mh\u00ed na meala fada lena dara bean ch\u00e9ile Frances an samhradh sin. Bh\u00ed s\u00e9 ag s\u00fail le spreagadh le heala\u00edon iontach a chruth\u00fa tr\u00ed radharc ollmh\u00f3r an ghleanna os a chomhair lena aillte crochta agus an fharraige n\u00edos faide i gc\u00e9in agus \u00e9 ansin. D\u2019athraigh s\u00e9 b\u00f3itheach isteach ina \u00e1ras\u00e1n agus cr\u00f3 eile in aice l\u00e1imhe isteach ina sti\u00faideo garbh. An samhradh sin d\u2019\u00e9irigh leis spiorad a chuid comharsan sa ghleann agus iad ag cruinni\u00fa caorach, ag iascaireacht gliomach, ag t\u00f3g\u00e1il cruach Dan Ward agus ag driogadh poit\u00edn m\u00eddhleathach a l\u00e9iri\u00fa. Meastar anois go bhfuil na picti\u00fair\u00ed seo, chomh maith leis na t\u00edrdhreacha is iomr\u00e1it\u00ed a tarraingn\u00edodh do Dh\u00fan na nGall agus i measc na bpicti\u00fair\u00ed is fearr a rinne s\u00e9.<\/p><p>C\u00faig bliana is fiche ina dhiaidh sin, rinne an t-eala\u00edont\u00f3ir iarracht teacht ar ais go h\u00c9irinn agus an gleann a cheannacht \u00f3na \u00fain\u00e9ir, Dan Ward. Ach \u00f3s rud \u00e9 gur ghn\u00edomha\u00ed s\u00f3isialach agus s\u00edoch\u00e1na dearbhaithe \u00e9, dhi\u00faltaigh an Roinn St\u00e1it a phas d\u00f3. Agus mar sin thosaigh consp\u00f3id dhl\u00ed fhada a chr\u00edochnaigh le breithi\u00fanas na C\u00fairte Uachtara\u00ed in 1958 agus in\u00e1r \u00e9irigh leis i gc\u00e1s iomr\u00e1iteach, Ceart chun Taisteal. Lena phas tugtha ar ais d\u00f3, th\u00e1inig s\u00e9 ar ais go D\u00fan na nGall agus go Gleann Cholm Cille, a raibh an t\u00f3ir aige air, do chuairt amh\u00e1in eile. Agus \u00e9 ann thug s\u00e9 cuairt ar Ghleann Lach, ar Phort agus ansin chas s\u00e9 le hAnnie McGinley i dTeileann. N\u00edor chaill a phicti\u00far in \u00f3m\u00f3s d\u00e1 chail\u00edn aimsire Annie, cuid ar bith d\u00e1 chumhacht n\u00f3 dra\u00edocht beagnach c\u00e9ad bliain i ndiaidh \u00e1 ph\u00e9inte\u00e1il.<\/p>\t\t\t\t\t\t\t\t<\/div>\n\t\t\t\t<\/div>\n\t\t\t\t<div class=\"elementor-element elementor-element-7e13c88 elementor-tablet-align-center elementor-widget elementor-widget-button\" data-id=\"7e13c88\" data-element_type=\"widget\" data-widget_type=\"button.default\">\n\t\t\t\t<div class=\"elementor-widget-container\">\n\t\t\t\t\t\t\t\t\t<div class=\"elementor-button-wrapper\">\n\t\t\t\t\t<a class=\"elementor-button elementor-button-link elementor-size-sm\" href=\"https:\/\/theroadtoglenlough.com\/irish\/contact\/\">\n\t\t\t\t\t\t<span class=\"elementor-button-content-wrapper\">\n\t\t\t\t\t\t<span class=\"elementor-button-icon\">\n\t\t\t\t<i aria-hidden=\"true\" class=\"icon icon-right-arrow2\"><\/i>\t\t\t<\/span>\n\t\t\t\t\t\t\t\t\t<span class=\"elementor-button-text\">Contact Christy <\/span>\n\t\t\t\t\t<\/span>\n\t\t\t\t\t<\/a>\n\t\t\t\t<\/div>\n\t\t\t\t\t\t\t\t<\/div>\n\t\t\t\t<\/div>\n\t\t\t\t<div class=\"elementor-element elementor-element-bc7c744 elementor-tablet-align-center elementor-widget elementor-widget-button\" data-id=\"bc7c744\" data-element_type=\"widget\" data-widget_type=\"button.default\">\n\t\t\t\t<div class=\"elementor-widget-container\">\n\t\t\t\t\t\t\t\t\t<div class=\"elementor-button-wrapper\">\n\t\t\t\t\t<a class=\"elementor-button elementor-button-link elementor-size-sm\" href=\"https:\/\/rockwellkent.us\/\" target=\"_blank\" rel=\"nofollow\">\n\t\t\t\t\t\t<span class=\"elementor-button-content-wrapper\">\n\t\t\t\t\t\t<span class=\"elementor-button-icon\">\n\t\t\t\t<i aria-hidden=\"true\" class=\"icon icon-right-arrow2\"><\/i>\t\t\t<\/span>\n\t\t\t\t\t\t\t\t\t<span class=\"elementor-button-text\">Visit The Rockwell Kent Forum <\/span>\n\t\t\t\t\t<\/span>\n\t\t\t\t\t<\/a>\n\t\t\t\t<\/div>\n\t\t\t\t\t\t\t\t<\/div>\n\t\t\t\t<\/div>\n\t\t\t\t\t<\/div>\n\t\t<\/div>\n\t\t\t\t<div class=\"elementor-column elementor-col-50 elementor-top-column elementor-element elementor-element-05de28e\" data-id=\"05de28e\" data-element_type=\"column\">\n\t\t\t<div class=\"elementor-widget-wrap elementor-element-populated\">\n\t\t\t\t\t\t<section class=\"elementor-section elementor-inner-section elementor-element elementor-element-da117ad elementor-section-boxed elementor-section-height-default elementor-section-height-default\" data-id=\"da117ad\" data-element_type=\"section\">\n\t\t\t\t\t\t<div class=\"elementor-container elementor-column-gap-default\">\n\t\t\t\t\t<div class=\"elementor-column elementor-col-100 elementor-inner-column elementor-element elementor-element-02663da\" data-id=\"02663da\" data-element_type=\"column\">\n\t\t\t<div class=\"elementor-widget-wrap elementor-element-populated\">\n\t\t\t\t\t\t<div class=\"elementor-element elementor-element-89f5c58 elementor-widget elementor-widget-image\" data-id=\"89f5c58\" data-element_type=\"widget\" data-widget_type=\"image.default\">\n\t\t\t\t<div class=\"elementor-widget-container\">\n\t\t\t\t\t\t\t\t\t\t\t\t\t\t\t<img fetchpriority=\"high\" decoding=\"async\" width=\"1796\" height=\"2560\" src=\"https:\/\/theroadtoglenlough.com\/wp-content\/uploads\/2022\/09\/Rockwell-Kent-coloured-scaled.jpeg\" class=\"attachment-full size-full wp-image-475\" alt=\"\" srcset=\"https:\/\/theroadtoglenlough.com\/wp-content\/uploads\/2022\/09\/Rockwell-Kent-coloured-scaled.jpeg 1796w, https:\/\/theroadtoglenlough.com\/wp-content\/uploads\/2022\/09\/Rockwell-Kent-coloured-211x300.jpeg 211w, https:\/\/theroadtoglenlough.com\/wp-content\/uploads\/2022\/09\/Rockwell-Kent-coloured-719x1024.jpeg 719w, https:\/\/theroadtoglenlough.com\/wp-content\/uploads\/2022\/09\/Rockwell-Kent-coloured-768x1094.jpeg 768w, https:\/\/theroadtoglenlough.com\/wp-content\/uploads\/2022\/09\/Rockwell-Kent-coloured-1078x1536.jpeg 1078w, https:\/\/theroadtoglenlough.com\/wp-content\/uploads\/2022\/09\/Rockwell-Kent-coloured-1437x2048.jpeg 1437w\" sizes=\"(max-width: 1796px) 100vw, 1796px\" \/>\t\t\t\t\t\t\t\t\t\t\t\t\t\t\t<\/div>\n\t\t\t\t<\/div>\n\t\t\t\t\t<\/div>\n\t\t<\/div>\n\t\t\t\t\t<\/div>\n\t\t<\/section>\n\t\t\t\t<section class=\"elementor-section elementor-inner-section elementor-element elementor-element-7e20060 elementor-section-boxed elementor-section-height-default elementor-section-height-default\" data-id=\"7e20060\" data-element_type=\"section\">\n\t\t\t\t\t\t<div class=\"elementor-container elementor-column-gap-default\">\n\t\t\t\t\t<div class=\"elementor-column elementor-col-100 elementor-inner-column elementor-element elementor-element-023f625\" data-id=\"023f625\" data-element_type=\"column\">\n\t\t\t<div class=\"elementor-widget-wrap elementor-element-populated\">\n\t\t\t\t\t\t<div class=\"elementor-element elementor-element-ffd989d elementor-arrows-position-inside elementor-pagination-position-outside elementor-widget elementor-widget-image-carousel\" data-id=\"ffd989d\" data-element_type=\"widget\" data-settings=\"{&quot;navigation&quot;:&quot;both&quot;,&quot;autoplay&quot;:&quot;yes&quot;,&quot;pause_on_hover&quot;:&quot;yes&quot;,&quot;pause_on_interaction&quot;:&quot;yes&quot;,&quot;autoplay_speed&quot;:5000,&quot;infinite&quot;:&quot;yes&quot;,&quot;speed&quot;:500}\" data-widget_type=\"image-carousel.default\">\n\t\t\t\t<div class=\"elementor-widget-container\">\n\t\t\t\t\t\t\t<div class=\"elementor-image-carousel-wrapper swiper\" role=\"region\" aria-roledescription=\"carousel\" aria-label=\"Image Carousel\" dir=\"ltr\">\n\t\t\t<div class=\"elementor-image-carousel swiper-wrapper\" aria-live=\"off\">\n\t\t\t\t\t\t\t\t<div class=\"swiper-slide\" role=\"group\" aria-roledescription=\"slide\" aria-label=\"1 of 7\"><figure class=\"swiper-slide-inner\"><img decoding=\"async\" class=\"swiper-slide-image\" src=\"https:\/\/theroadtoglenlough.com\/wp-content\/uploads\/2022\/09\/Kent-to-sue-the-U.S.-New-York-Times-article-31.10.55-AAA-63298-150x150.jpg\" alt=\"&#039;Kent to sue the U.S.&#039; New York Times article (31.10.55) [AAA] 63298\" \/><\/figure><\/div><div class=\"swiper-slide\" role=\"group\" aria-roledescription=\"slide\" aria-label=\"2 of 7\"><figure class=\"swiper-slide-inner\"><img decoding=\"async\" class=\"swiper-slide-image\" src=\"https:\/\/theroadtoglenlough.com\/wp-content\/uploads\/2022\/09\/1.-Irish-Lobstermen-Wehye-150x150.jpg\" alt=\"1. Irish Lobstermen (Wehye)\" \/><\/figure><\/div><div class=\"swiper-slide\" role=\"group\" aria-roledescription=\"slide\" aria-label=\"3 of 7\"><figure class=\"swiper-slide-inner\"><img decoding=\"async\" class=\"swiper-slide-image\" src=\"https:\/\/theroadtoglenlough.com\/wp-content\/uploads\/2022\/09\/2.-Dan-Wards-Stack-Hermitage-150x150.jpg\" alt=\"2. Dan Ward&#039;s Stack (Hermitage)\" \/><\/figure><\/div><div class=\"swiper-slide\" role=\"group\" aria-roledescription=\"slide\" aria-label=\"4 of 7\"><figure class=\"swiper-slide-inner\"><img decoding=\"async\" class=\"swiper-slide-image\" src=\"https:\/\/theroadtoglenlough.com\/wp-content\/uploads\/2022\/09\/4.-Irish-Coast-150x150.jpg\" alt=\"4. Irish Coast\" \/><\/figure><\/div><div class=\"swiper-slide\" role=\"group\" aria-roledescription=\"slide\" aria-label=\"5 of 7\"><figure class=\"swiper-slide-inner\"><img decoding=\"async\" class=\"swiper-slide-image\" src=\"https:\/\/theroadtoglenlough.com\/wp-content\/uploads\/2022\/09\/5.-The-Sturral-Hermitage-150x150.jpg\" alt=\"5. The Sturral (Hermitage)\" \/><\/figure><\/div><div class=\"swiper-slide\" role=\"group\" aria-roledescription=\"slide\" aria-label=\"6 of 7\"><figure class=\"swiper-slide-inner\"><img decoding=\"async\" class=\"swiper-slide-image\" src=\"https:\/\/theroadtoglenlough.com\/wp-content\/uploads\/2022\/09\/6.-Annie-Mc-Ginley-150x150.jpg\" alt=\"6. Annie Mc Ginley\" \/><\/figure><\/div><div class=\"swiper-slide\" role=\"group\" aria-roledescription=\"slide\" aria-label=\"7 of 7\"><figure class=\"swiper-slide-inner\"><img decoding=\"async\" class=\"swiper-slide-image\" src=\"https:\/\/theroadtoglenlough.com\/wp-content\/uploads\/2022\/09\/8.-Kent-putting-the-finishing-touches-to-the-painting-Shipwreck.-Early-1927-Photo-by-Peter-A.-Juley-Son-150x150.jpg\" alt=\"8. Kent putting the finishing touches to the painting Shipwreck. (Early 1927) [Photo by Peter A. Juley &amp; Son]\" \/><\/figure><\/div>\t\t\t<\/div>\n\t\t\t\t\t\t\t\t\t\t\t\t<div class=\"elementor-swiper-button elementor-swiper-button-prev\" role=\"button\" tabindex=\"0\">\n\t\t\t\t\t\t<i aria-hidden=\"true\" class=\"eicon-chevron-left\"><\/i>\t\t\t\t\t<\/div>\n\t\t\t\t\t<div class=\"elementor-swiper-button elementor-swiper-button-next\" role=\"button\" tabindex=\"0\">\n\t\t\t\t\t\t<i aria-hidden=\"true\" class=\"eicon-chevron-right\"><\/i>\t\t\t\t\t<\/div>\n\t\t\t\t\n\t\t\t\t\t\t\t\t\t<div class=\"swiper-pagination\"><\/div>\n\t\t\t\t\t\t\t\t\t<\/div>\n\t\t\t\t\t\t<\/div>\n\t\t\t\t<\/div>\n\t\t\t\t\t<\/div>\n\t\t<\/div>\n\t\t\t\t\t<\/div>\n\t\t<\/section>\n\t\t\t\t\t<\/div>\n\t\t<\/div>\n\t\t\t\t\t<\/div>\n\t\t<\/section>\n\t\t\t\t<\/div>","protected":false},"excerpt":{"rendered":"<p>Rockwell Kent The most famous and saleable artist Rockwell Kent was during the 1920s and 30s one of the most famous and saleable artists in America. His lavishly illustrated edition of Moby Dick (1930) was voted the greatest illustrated American book of all time. His modus operandi was to go to remote locations around the [&hellip;]<\/p>","protected":false},"author":1,"featured_media":0,"parent":109,"menu_order":0,"comment_status":"closed","ping_status":"closed","template":"elementor_header_footer","meta":{"ocean_post_layout":"full-width","ocean_both_sidebars_style":"","ocean_both_sidebars_content_width":0,"ocean_both_sidebars_sidebars_width":0,"ocean_sidebar":"0","ocean_second_sidebar":"0","ocean_disable_margins":"enable","ocean_add_body_class":"","ocean_shortcode_before_top_bar":"","ocean_shortcode_after_top_bar":"","ocean_shortcode_before_header":"","ocean_shortcode_after_header":"","ocean_has_shortcode":"","ocean_shortcode_after_title":"","ocean_shortcode_before_footer_widgets":"","ocean_shortcode_after_footer_widgets":"","ocean_shortcode_before_footer_bottom":"","ocean_shortcode_after_footer_bottom":"","ocean_display_top_bar":"default","ocean_display_header":"default","ocean_header_style":"","ocean_center_header_left_menu":"0","ocean_custom_header_template":"0","ocean_custom_logo":0,"ocean_custom_retina_logo":0,"ocean_custom_logo_max_width":0,"ocean_custom_logo_tablet_max_width":0,"ocean_custom_logo_mobile_max_width":0,"ocean_custom_logo_max_height":0,"ocean_custom_logo_tablet_max_height":0,"ocean_custom_logo_mobile_max_height":0,"ocean_header_custom_menu":"0","ocean_menu_typo_font_family":"0","ocean_menu_typo_font_subset":"","ocean_menu_typo_font_size":0,"ocean_menu_typo_font_size_tablet":0,"ocean_menu_typo_font_size_mobile":0,"ocean_menu_typo_font_size_unit":"px","ocean_menu_typo_font_weight":"","ocean_menu_typo_font_weight_tablet":"","ocean_menu_typo_font_weight_mobile":"","ocean_menu_typo_transform":"","ocean_menu_typo_transform_tablet":"","ocean_menu_typo_transform_mobile":"","ocean_menu_typo_line_height":0,"ocean_menu_typo_line_height_tablet":0,"ocean_menu_typo_line_height_mobile":0,"ocean_menu_typo_line_height_unit":"","ocean_menu_typo_spacing":0,"ocean_menu_typo_spacing_tablet":0,"ocean_menu_typo_spacing_mobile":0,"ocean_menu_typo_spacing_unit":"","ocean_menu_link_color":"","ocean_menu_link_color_hover":"","ocean_menu_link_color_active":"","ocean_menu_link_background":"","ocean_menu_link_hover_background":"","ocean_menu_link_active_background":"","ocean_menu_social_links_bg":"","ocean_menu_social_hover_links_bg":"","ocean_menu_social_links_color":"","ocean_menu_social_hover_links_color":"","ocean_disable_title":"default","ocean_disable_heading":"default","ocean_post_title":"","ocean_post_subheading":"","ocean_post_title_style":"","ocean_post_title_background_color":"","ocean_post_title_background":0,"ocean_post_title_bg_image_position":"","ocean_post_title_bg_image_attachment":"","ocean_post_title_bg_image_repeat":"","ocean_post_title_bg_image_size":"","ocean_post_title_height":0,"ocean_post_title_bg_overlay":0.5,"ocean_post_title_bg_overlay_color":"","ocean_disable_breadcrumbs":"default","ocean_breadcrumbs_color":"","ocean_breadcrumbs_separator_color":"","ocean_breadcrumbs_links_color":"","ocean_breadcrumbs_links_hover_color":"","ocean_display_footer_widgets":"default","ocean_display_footer_bottom":"default","ocean_custom_footer_template":"0","footnotes":""},"class_list":["post-306","page","type-page","status-publish","hentry","entry"],"yoast_head":"<!-- This site is optimized with the Yoast SEO plugin v25.5 - https:\/\/yoast.com\/wordpress\/plugins\/seo\/ -->\n<title>Rockwell Kent - The Road To Glenlough<\/title>\n<meta name=\"robots\" content=\"index, follow, max-snippet:-1, max-image-preview:large, max-video-preview:-1\" \/>\n<link rel=\"canonical\" href=\"https:\/\/theroadtoglenlough.com\/irish\/famous-visitors\/rockwell-kent\/\" \/>\n<meta property=\"og:locale\" content=\"en_US\" \/>\n<meta property=\"og:type\" content=\"article\" \/>\n<meta property=\"og:title\" content=\"Rockwell Kent - The Road To Glenlough\" \/>\n<meta property=\"og:description\" content=\"Rockwell Kent The most famous and saleable artist Rockwell Kent was during the 1920s and 30s one of the most famous and saleable artists in America. His lavishly illustrated edition of Moby Dick (1930) was voted the greatest illustrated American book of all time. His modus operandi was to go to remote locations around the [&hellip;]\" \/>\n<meta property=\"og:url\" content=\"https:\/\/theroadtoglenlough.com\/irish\/famous-visitors\/rockwell-kent\/\" \/>\n<meta property=\"og:site_name\" content=\"The Road To Glenlough\" \/>\n<meta property=\"article:modified_time\" content=\"2024-03-29T06:41:44+00:00\" \/>\n<meta property=\"og:image\" content=\"http:\/\/theroadtoglenlough.com\/wp-content\/uploads\/2022\/09\/Rockwell-Kent-coloured-scaled.jpeg\" \/>\n<meta name=\"twitter:card\" content=\"summary_large_image\" \/>\n<meta name=\"twitter:label1\" content=\"Est. reading time\" \/>\n\t<meta name=\"twitter:data1\" content=\"2 minutes\" \/>\n<script type=\"application\/ld+json\" class=\"yoast-schema-graph\">{\"@context\":\"https:\/\/schema.org\",\"@graph\":[{\"@type\":\"WebPage\",\"@id\":\"https:\/\/theroadtoglenlough.com\/famous-visitors\/rockwell-kent\/\",\"url\":\"https:\/\/theroadtoglenlough.com\/famous-visitors\/rockwell-kent\/\",\"name\":\"Rockwell Kent - The Road To Glenlough\",\"isPartOf\":{\"@id\":\"https:\/\/theroadtoglenlough.com\/#website\"},\"primaryImageOfPage\":{\"@id\":\"https:\/\/theroadtoglenlough.com\/famous-visitors\/rockwell-kent\/#primaryimage\"},\"image\":{\"@id\":\"https:\/\/theroadtoglenlough.com\/famous-visitors\/rockwell-kent\/#primaryimage\"},\"thumbnailUrl\":\"http:\/\/theroadtoglenlough.com\/wp-content\/uploads\/2022\/09\/Rockwell-Kent-coloured-scaled.jpeg\",\"datePublished\":\"2022-09-12T09:33:49+00:00\",\"dateModified\":\"2024-03-29T06:41:44+00:00\",\"breadcrumb\":{\"@id\":\"https:\/\/theroadtoglenlough.com\/famous-visitors\/rockwell-kent\/#breadcrumb\"},\"inLanguage\":\"gd\",\"potentialAction\":[{\"@type\":\"ReadAction\",\"target\":[\"https:\/\/theroadtoglenlough.com\/famous-visitors\/rockwell-kent\/\"]}]},{\"@type\":\"ImageObject\",\"inLanguage\":\"gd\",\"@id\":\"https:\/\/theroadtoglenlough.com\/famous-visitors\/rockwell-kent\/#primaryimage\",\"url\":\"http:\/\/theroadtoglenlough.com\/wp-content\/uploads\/2022\/09\/Rockwell-Kent-coloured-scaled.jpeg\",\"contentUrl\":\"http:\/\/theroadtoglenlough.com\/wp-content\/uploads\/2022\/09\/Rockwell-Kent-coloured-scaled.jpeg\"},{\"@type\":\"BreadcrumbList\",\"@id\":\"https:\/\/theroadtoglenlough.com\/famous-visitors\/rockwell-kent\/#breadcrumb\",\"itemListElement\":[{\"@type\":\"ListItem\",\"position\":1,\"name\":\"Home\",\"item\":\"https:\/\/theroadtoglenlough.com\/\"},{\"@type\":\"ListItem\",\"position\":2,\"name\":\"Famous Visitors\",\"item\":\"https:\/\/theroadtoglenlough.com\/famous-visitors\/\"},{\"@type\":\"ListItem\",\"position\":3,\"name\":\"Rockwell Kent\"}]},{\"@type\":\"WebSite\",\"@id\":\"https:\/\/theroadtoglenlough.com\/#website\",\"url\":\"https:\/\/theroadtoglenlough.com\/\",\"name\":\"The Road To Glenlough\",\"description\":\"A Story As Majestic As The Valley\",\"potentialAction\":[{\"@type\":\"SearchAction\",\"target\":{\"@type\":\"EntryPoint\",\"urlTemplate\":\"https:\/\/theroadtoglenlough.com\/?s={search_term_string}\"},\"query-input\":{\"@type\":\"PropertyValueSpecification\",\"valueRequired\":true,\"valueName\":\"search_term_string\"}}],\"inLanguage\":\"gd\"}]}<\/script>\n<!-- \/ Yoast SEO plugin. -->","yoast_head_json":{"title":"Rockwell Kent - The Road To Glenlough","robots":{"index":"index","follow":"follow","max-snippet":"max-snippet:-1","max-image-preview":"max-image-preview:large","max-video-preview":"max-video-preview:-1"},"canonical":"https:\/\/theroadtoglenlough.com\/irish\/famous-visitors\/rockwell-kent\/","og_locale":"en_US","og_type":"article","og_title":"Rockwell Kent - The Road To Glenlough","og_description":"Rockwell Kent The most famous and saleable artist Rockwell Kent was during the 1920s and 30s one of the most famous and saleable artists in America. His lavishly illustrated edition of Moby Dick (1930) was voted the greatest illustrated American book of all time. His modus operandi was to go to remote locations around the [&hellip;]","og_url":"https:\/\/theroadtoglenlough.com\/irish\/famous-visitors\/rockwell-kent\/","og_site_name":"The Road To Glenlough","article_modified_time":"2024-03-29T06:41:44+00:00","og_image":[{"url":"http:\/\/theroadtoglenlough.com\/wp-content\/uploads\/2022\/09\/Rockwell-Kent-coloured-scaled.jpeg","type":"","width":"","height":""}],"twitter_card":"summary_large_image","twitter_misc":{"Est. reading time":"2 minutes"},"schema":{"@context":"https:\/\/schema.org","@graph":[{"@type":"WebPage","@id":"https:\/\/theroadtoglenlough.com\/famous-visitors\/rockwell-kent\/","url":"https:\/\/theroadtoglenlough.com\/famous-visitors\/rockwell-kent\/","name":"Rockwell Kent - The Road To Glenlough","isPartOf":{"@id":"https:\/\/theroadtoglenlough.com\/#website"},"primaryImageOfPage":{"@id":"https:\/\/theroadtoglenlough.com\/famous-visitors\/rockwell-kent\/#primaryimage"},"image":{"@id":"https:\/\/theroadtoglenlough.com\/famous-visitors\/rockwell-kent\/#primaryimage"},"thumbnailUrl":"http:\/\/theroadtoglenlough.com\/wp-content\/uploads\/2022\/09\/Rockwell-Kent-coloured-scaled.jpeg","datePublished":"2022-09-12T09:33:49+00:00","dateModified":"2024-03-29T06:41:44+00:00","breadcrumb":{"@id":"https:\/\/theroadtoglenlough.com\/famous-visitors\/rockwell-kent\/#breadcrumb"},"inLanguage":"gd","potentialAction":[{"@type":"ReadAction","target":["https:\/\/theroadtoglenlough.com\/famous-visitors\/rockwell-kent\/"]}]},{"@type":"ImageObject","inLanguage":"gd","@id":"https:\/\/theroadtoglenlough.com\/famous-visitors\/rockwell-kent\/#primaryimage","url":"http:\/\/theroadtoglenlough.com\/wp-content\/uploads\/2022\/09\/Rockwell-Kent-coloured-scaled.jpeg","contentUrl":"http:\/\/theroadtoglenlough.com\/wp-content\/uploads\/2022\/09\/Rockwell-Kent-coloured-scaled.jpeg"},{"@type":"BreadcrumbList","@id":"https:\/\/theroadtoglenlough.com\/famous-visitors\/rockwell-kent\/#breadcrumb","itemListElement":[{"@type":"ListItem","position":1,"name":"Home","item":"https:\/\/theroadtoglenlough.com\/"},{"@type":"ListItem","position":2,"name":"Famous Visitors","item":"https:\/\/theroadtoglenlough.com\/famous-visitors\/"},{"@type":"ListItem","position":3,"name":"Rockwell Kent"}]},{"@type":"WebSite","@id":"https:\/\/theroadtoglenlough.com\/#website","url":"https:\/\/theroadtoglenlough.com\/","name":"The Road To Glenlough","description":"A Story As Majestic As The Valley","potentialAction":[{"@type":"SearchAction","target":{"@type":"EntryPoint","urlTemplate":"https:\/\/theroadtoglenlough.com\/?s={search_term_string}"},"query-input":{"@type":"PropertyValueSpecification","valueRequired":true,"valueName":"search_term_string"}}],"inLanguage":"gd"}]}},"_links":{"self":[{"href":"https:\/\/theroadtoglenlough.com\/irish\/wp-json\/wp\/v2\/pages\/306","targetHints":{"allow":["GET"]}}],"collection":[{"href":"https:\/\/theroadtoglenlough.com\/irish\/wp-json\/wp\/v2\/pages"}],"about":[{"href":"https:\/\/theroadtoglenlough.com\/irish\/wp-json\/wp\/v2\/types\/page"}],"author":[{"embeddable":true,"href":"https:\/\/theroadtoglenlough.com\/irish\/wp-json\/wp\/v2\/users\/1"}],"replies":[{"embeddable":true,"href":"https:\/\/theroadtoglenlough.com\/irish\/wp-json\/wp\/v2\/comments?post=306"}],"version-history":[{"count":24,"href":"https:\/\/theroadtoglenlough.com\/irish\/wp-json\/wp\/v2\/pages\/306\/revisions"}],"predecessor-version":[{"id":942,"href":"https:\/\/theroadtoglenlough.com\/irish\/wp-json\/wp\/v2\/pages\/306\/revisions\/942"}],"up":[{"embeddable":true,"href":"https:\/\/theroadtoglenlough.com\/irish\/wp-json\/wp\/v2\/pages\/109"}],"wp:attachment":[{"href":"https:\/\/theroadtoglenlough.com\/irish\/wp-json\/wp\/v2\/media?parent=306"}],"curies":[{"name":"wp","href":"https:\/\/api.w.org\/{rel}","templated":true}]}}